{"id":56,"date":"2023-11-18T10:16:37","date_gmt":"2023-11-18T09:16:37","guid":{"rendered":"https:\/\/volumetstyle.com\/?page_id=56"},"modified":"2025-08-01T14:13:30","modified_gmt":"2025-08-01T12:13:30","slug":"meta-namegoogle-site-verification-content5_exbjkd6auzveynsgc18vcyuwxkyzge8jjzoxnkujw","status":"publish","type":"page","link":"https:\/\/volumetstyle.com\/index.php\/meta-namegoogle-site-verification-content5_exbjkd6auzveynsgc18vcyuwxkyzge8jjzoxnkujw\/","title":{"rendered":"\u00c0 propos"},"content":{"rendered":"<p>[et_pb_section fb_built=&#8221;1&#8243; fullwidth=&#8221;on&#8221; admin_label=&#8221;Header&#8221; _builder_version=&#8221;4.16&#8243; custom_padding=&#8221;0px|0|0px|0px|false|false&#8221; top_divider_style=&#8221;arrow3&#8243; top_divider_color=&#8221;rgba(255,255,255,0.3)&#8221; top_divider_height=&#8221;100%&#8221; top_divider_repeat=&#8221;2x&#8221; bottom_divider_color=&#8221;rgba(255,255,255,0.33)&#8221; bottom_divider_height=&#8221;500px&#8221; global_colors_info=&#8221;{}&#8221;][et_pb_fullwidth_header title=&#8221;\u00c0 Propos&#8221; text_orientation=&#8221;center&#8221; content_max_width=&#8221;70%&#8221; content_max_width_tablet=&#8221;100%&#8221; content_max_width_phone=&#8221;&#8221; content_max_width_last_edited=&#8221;on|phone&#8221; _builder_version=&#8221;4.23.1&#8243; title_font=&#8221;Cormorant Garamond|500|||||||&#8221; title_font_size=&#8221;5vw&#8221; title_line_height=&#8221;1.5em&#8221; content_font=&#8221;||||||||&#8221; subhead_font=&#8221;Poppins|700||on|||||&#8221; subhead_font_size=&#8221;16px&#8221; subhead_letter_spacing=&#8221;15px&#8221; subhead_line_height=&#8221;2em&#8221; background_color=&#8221;rgba(255,255,255,0)&#8221; background_image=&#8221;http:\/\/volumetstyle.com\/wp-content\/uploads\/2023\/12\/Design-sans-titre.jpg&#8221; custom_button_one=&#8221;on&#8221; button_one_text_size=&#8221;14px&#8221; button_one_text_color=&#8221;#000000&#8243; button_one_bg_color=&#8221;#ffffff&#8221; button_one_border_width=&#8221;14px&#8221; button_one_border_color=&#8221;#ffffff&#8221; button_one_border_radius=&#8221;0px&#8221; button_one_letter_spacing=&#8221;4px&#8221; button_one_font=&#8221;Poppins|500||on|||||&#8221; background_layout=&#8221;light&#8221; min_height=&#8221;499px&#8221; custom_margin=&#8221;||11px||false|&#8221; custom_padding=&#8221;13vw||13vw||true|&#8221; title_font_size_tablet=&#8221;40px&#8221; title_font_size_phone=&#8221;&#8221; title_font_size_last_edited=&#8221;on|desktop&#8221; subhead_font_size_tablet=&#8221;40px&#8221; subhead_font_size_last_edited=&#8221;off|desktop&#8221; subhead_letter_spacing_tablet=&#8221;&#8221; subhead_letter_spacing_phone=&#8221;0px&#8221; subhead_letter_spacing_last_edited=&#8221;on|phone&#8221; button_one_border_color_hover=&#8221;#ecd5c5&#8243; button_one_border_radius_hover=&#8221;0px&#8221; button_one_letter_spacing_hover=&#8221;4px&#8221; button_one_bg_color_hover=&#8221;#ecd5c5&#8243; global_colors_info=&#8221;{}&#8221; button_one_text_size__hover_enabled=&#8221;off&#8221; button_two_text_size__hover_enabled=&#8221;off&#8221; button_one_text_color__hover_enabled=&#8221;off&#8221; button_two_text_color__hover_enabled=&#8221;off&#8221; button_one_border_width__hover_enabled=&#8221;off&#8221; button_two_border_width__hover_enabled=&#8221;off&#8221; button_one_border_color__hover_enabled=&#8221;on&#8221; button_one_border_color__hover=&#8221;#ecd5c5&#8243; button_two_border_color__hover_enabled=&#8221;off&#8221; button_one_border_radius__hover_enabled=&#8221;on&#8221; button_one_border_radius__hover=&#8221;0px&#8221; button_two_border_radius__hover_enabled=&#8221;off&#8221; button_one_letter_spacing__hover_enabled=&#8221;on&#8221; button_one_letter_spacing__hover=&#8221;4px&#8221; button_two_letter_spacing__hover_enabled=&#8221;off&#8221; button_one_bg_color__hover_enabled=&#8221;on&#8221; button_one_bg_color__hover=&#8221;#ecd5c5&#8243; button_two_bg_color__hover_enabled=&#8221;off&#8221;][\/et_pb_fullwidth_header][\/et_pb_section][et_pb_section fb_built=&#8221;1&#8243; admin_label=&#8221;About Us&#8221; _builder_version=&#8221;4.16&#8243; custom_margin=&#8221;10px|||||&#8221; custom_padding=&#8221;100px|0px|100px|0px|true|false&#8221; locked=&#8221;off&#8221; global_colors_info=&#8221;{}&#8221;][et_pb_row column_structure=&#8221;1_2,1_2&#8243; _builder_version=&#8221;4.16&#8243; global_colors_info=&#8221;{}&#8221;][et_pb_column type=&#8221;1_2&#8243; _builder_version=&#8221;4.16&#8243; custom_padding=&#8221;|||&#8221; global_colors_info=&#8221;{}&#8221; custom_padding__hover=&#8221;|||&#8221;][et_pb_image src=&#8221;http:\/\/volumetstyle.com\/wp-content\/uploads\/2023\/11\/Photo-1-scaled.jpg&#8221; title_text=&#8221;Eva skorupski&#8221; force_fullwidth=&#8221;on&#8221; align_tablet=&#8221;center&#8221; align_phone=&#8221;center&#8221; align_last_edited=&#8221;on|desktop&#8221; _builder_version=&#8221;4.23.1&#8243; custom_margin=&#8221;|||&#8221; custom_margin_tablet=&#8221;-160px|||&#8221; custom_margin_phone=&#8221;0px|||&#8221; custom_margin_last_edited=&#8221;off|desktop&#8221; animation_style=&#8221;slide&#8221; animation_direction=&#8221;bottom&#8221; animation_intensity_slide=&#8221;5%&#8221; box_shadow_style=&#8221;preset3&#8243; box_shadow_vertical=&#8221;70px&#8221; box_shadow_blur=&#8221;80px&#8221; box_shadow_spread=&#8221;-60px&#8221; global_colors_info=&#8221;{}&#8221;][\/et_pb_image][\/et_pb_column][et_pb_column type=&#8221;1_2&#8243; _builder_version=&#8221;4.16&#8243; custom_padding=&#8221;10%|||6%&#8221; global_colors_info=&#8221;{}&#8221; custom_padding__hover=&#8221;|||&#8221;][et_pb_text _builder_version=&#8221;4.23.1&#8243; text_font=&#8221;Cormorant Garamond||||||||&#8221; text_font_size=&#8221;20px&#8221; text_line_height=&#8221;1.8em&#8221; link_font=&#8221;||||||||&#8221; ul_font=&#8221;||||||||&#8221; header_font=&#8221;||||||||&#8221; header_2_font=&#8221;||||||||&#8221; header_3_font=&#8221;||||||||&#8221; header_3_font_size=&#8221;45px&#8221; header_3_line_height=&#8221;1.5em&#8221; max_width_tablet=&#8221;100%&#8221; max_width_phone=&#8221;100%&#8221; max_width_last_edited=&#8221;off|desktop&#8221; module_alignment=&#8221;right&#8221; custom_padding=&#8221;|||&#8221; custom_padding_tablet=&#8221;|||0px&#8221; custom_padding_phone=&#8221;&#8221; custom_padding_last_edited=&#8221;on|tablet&#8221; global_colors_info=&#8221;{}&#8221;]<\/p>\n<h3>\u00c0 Propos<\/h3>\n<p>A la fois architecte d\u2019int\u00e9rieur, d\u00e9coratrice et pendant mes heures perdues pianiste, j\u2019ai toujours aim\u00e9 l\u2019art sous toutes ces formes. Fille d\u2019un antiquaire j\u2019ai appris tr\u00e8s t\u00f4t \u00e0 rep\u00e9rer les styles, d\u00e9nicher des objets et les mettre en valeurs.\u00a0<\/p>\n<p>Mon style se d\u00e9finit comme mon caract\u00e8re, j\u2019appr\u00e9cie les environnements calmes qui vont \u00e0 l\u2019essentiel avec une touche d\u2019insolite et de pr\u00e9cieux dans les d\u00e9tails.<\/p>\n<p>J\u2019aime les espaces qui ont du caract\u00e8re et qui racontent une histoire, c\u2019est pourquoi je suis sp\u00e9cialis\u00e9e dans la r\u00e9novation.<\/p>\n<p>Dipl\u00f4m\u00e9e Architecte d\u2019int\u00e9rieur Designer de l\u2019\u00e9cole Cread en 2014 (niveau 6 Europ\u00e9en, niveau HES Ecole sup\u00e9rieure. )<\/p>\n<p>J\u2019ai d\u2019abord perfectionner mon go\u00fbt pour les styles dans une boutique de renom en tant que d\u00e9coratrice d\u2019int\u00e9rieur avec des agencements sur mesure.<\/p>\n<p>Par la suite j\u2019ai pu travailler sur l\u2019agencement et la technique que peut imposer une salle d\u2019eau, avec une gamme tr\u00e8s riche de fournisseurs et de professionnels sanitaires.<\/p>\n<p>Puis enfin j\u2019ai collabor\u00e9 avec un cabinet d\u2019architecture avec un suivi de la conception \u00e0 la r\u00e9alisation.<\/p>\n<p>[\/et_pb_text][et_pb_text _builder_version=&#8221;4.16&#8243; text_font=&#8221;Cormorant Garamond||||||||&#8221; text_font_size=&#8221;16px&#8221; header_font=&#8221;||||||||&#8221; header_6_font=&#8221;Sacramento||||||||&#8221; header_6_font_size=&#8221;40px&#8221; max_width_last_edited=&#8221;off|desktop&#8221; custom_margin=&#8221;|||&#8221; custom_margin_tablet=&#8221;|||0px&#8221; custom_margin_phone=&#8221;|||0px&#8221; custom_margin_last_edited=&#8221;on|tablet&#8221; custom_padding=&#8221;|||&#8221; animation_style=&#8221;fold&#8221; animation_direction=&#8221;left&#8221; global_colors_info=&#8221;{}&#8221;]<\/p>\n<h6>Eva Skorupski<\/h6>\n<p>Achitecte d&#8217;int\u00e9rieur<\/p>\n<p>[\/et_pb_text][\/et_pb_column][\/et_pb_row][\/et_pb_section]<\/p>\n","protected":false},"excerpt":{"rendered":"<p>\u00c0 Propos A la fois architecte d\u2019int\u00e9rieur, d\u00e9coratrice et pendant mes heures perdues pianiste, j\u2019ai toujours aim\u00e9 l\u2019art sous toutes ces formes. Fille d\u2019un antiquaire j\u2019ai appris tr\u00e8s t\u00f4t \u00e0 rep\u00e9rer les styles, d\u00e9nicher des objets et les mettre en valeurs.\u00a0 Mon style se d\u00e9finit comme mon caract\u00e8re, j\u2019appr\u00e9cie les environnements calmes qui vont \u00e0 [&hellip;]<\/p>\n","protected":false},"author":1,"featured_media":0,"parent":0,"menu_order":0,"comment_status":"closed","ping_status":"closed","template":"","meta":{"_et_pb_use_builder":"on","_et_pb_old_content":"","_et_gb_content_width":"","_monsterinsights_skip_tracking":false,"_monsterinsights_sitenote_active":false,"_monsterinsights_sitenote_note":"","_monsterinsights_sitenote_category":0,"footnotes":""},"class_list":["post-56","page","type-page","status-publish","hentry"],"_links":{"self":[{"href":"https:\/\/volumetstyle.com\/index.php\/wp-json\/wp\/v2\/pages\/56","targetHints":{"allow":["GET"]}}],"collection":[{"href":"https:\/\/volumetstyle.com\/index.php\/wp-json\/wp\/v2\/pages"}],"about":[{"href":"https:\/\/volumetstyle.com\/index.php\/wp-json\/wp\/v2\/types\/page"}],"author":[{"embeddable":true,"href":"https:\/\/volumetstyle.com\/index.php\/wp-json\/wp\/v2\/users\/1"}],"replies":[{"embeddable":true,"href":"https:\/\/volumetstyle.com\/index.php\/wp-json\/wp\/v2\/comments?post=56"}],"version-history":[{"count":14,"href":"https:\/\/volumetstyle.com\/index.php\/wp-json\/wp\/v2\/pages\/56\/revisions"}],"predecessor-version":[{"id":369,"href":"https:\/\/volumetstyle.com\/index.php\/wp-json\/wp\/v2\/pages\/56\/revisions\/369"}],"wp:attachment":[{"href":"https:\/\/volumetstyle.com\/index.php\/wp-json\/wp\/v2\/media?parent=56"}],"curies":[{"name":"wp","href":"https:\/\/api.w.org\/{rel}","templated":true}]}}